{"id":520,"date":"2022-02-04T10:10:30","date_gmt":"2022-02-04T10:10:30","guid":{"rendered":"http:\/\/doruti.lt\/?page_id=520"},"modified":"2025-01-27T12:01:56","modified_gmt":"2025-01-27T12:01:56","slug":"kontaktai","status":"publish","type":"page","link":"https:\/\/doruti.lt\/?page_id=520","title":{"rendered":"Kontaktai"},"content":{"rendered":"\n<div class=\"wp-block-uagb-container uagb-block-2d46e7e3 alignfull uagb-is-root-container\"><div class=\"uagb-container-inner-blocks-wrap\">\n<div class=\"wp-block-uagb-container uagb-block-7b1cd2b1\">\n<div class=\"wp-block-uagb-advanced-heading uagb-block-a067f098\"><h2 class=\"uagb-heading-text\"><br>Susisiekime!<\/h2><p class=\"uagb-desc-text\">U\u017epildykite u\u017eklaus\u0105 ir artimiausiu metu susisieksiu su Jumis bei atsakysiu \u012f r\u016bpimus klausimus.<\/p><\/div>\n<\/div>\n\n\n\n<div class=\"wp-block-uagb-container uagb-block-3b1e5c6f\"><div class=\"wpforms-container wpforms-block wpforms-block-4d8e9980-9653-478e-b1ab-9423875e2cd3\" id=\"wpforms-1336\"><form id=\"wpforms-form-1336\" class=\"wpforms-validate wpforms-form wpforms-ajax-form\" data-formid=\"1336\" method=\"post\" enctype=\"multipart\/form-data\" action=\"\/index.php?rest_route=%2Fwp%2Fv2%2Fpages%2F520\" data-token=\"43ee76804fa2486b2253fd05b857c3a8\"><noscript class=\"wpforms-error-noscript\">Please enable JavaScript in your browser to complete this form.<\/noscript><div class=\"wpforms-field-container\"><div id=\"wpforms-1336-field_1-container\" class=\"wpforms-field wpforms-field-name\" data-field-id=\"1\"><label class=\"wpforms-field-label\" for=\"wpforms-1336-field_1\">Vardas <span class=\"wpforms-required-label\">*<\/span><\/label><input type=\"text\" id=\"wpforms-1336-field_1\" class=\"wpforms-field-medium wpforms-field-required\" name=\"wpforms[fields][1]\" required><\/div><div id=\"wpforms-1336-field_5-container\" class=\"wpforms-field wpforms-field-email\" data-field-id=\"5\"><label class=\"wpforms-field-label\" for=\"wpforms-1336-field_5\">El. Pa\u0161tas <span class=\"wpforms-required-label\">*<\/span><\/label><input type=\"email\" id=\"wpforms-1336-field_5\" class=\"wpforms-field-medium wpforms-field-required\" name=\"wpforms[fields][5]\" spellcheck=\"false\" required><\/div><div id=\"wpforms-1336-field_3-container\" class=\"wpforms-field wpforms-field-text\" data-field-id=\"3\"><label class=\"wpforms-field-label\" for=\"wpforms-1336-field_3\">\u0160vent\u0117s data<\/label><input type=\"text\" id=\"wpforms-1336-field_3\" class=\"wpforms-field-medium\" name=\"wpforms[fields][3]\" ><\/div><div id=\"wpforms-1336-field_6-container\" class=\"wpforms-field wpforms-field-text\" data-field-id=\"6\"><label class=\"wpforms-field-label\" for=\"wpforms-1336-field_6\">\u0160vent\u0117s vieta<\/label><input type=\"text\" id=\"wpforms-1336-field_6\" class=\"wpforms-field-medium\" name=\"wpforms[fields][6]\" ><\/div><div id=\"wpforms-1336-field_2-container\" class=\"wpforms-field wpforms-field-radio\" data-field-id=\"2\"><label class=\"wpforms-field-label\" for=\"wpforms-1336-field_2\">Kokias \u0161vent\u0117s zonas reik\u0117s dekoruoti?<\/label><ul id=\"wpforms-1336-field_2\" class=\"wpforms-randomize\"><li class=\"choice-1 depth-1\"><input type=\"radio\" id=\"wpforms-1336-field_2_1\" name=\"wpforms[fields][2]\" value=\"Vakarien\u0117s stalai\"  ><label class=\"wpforms-field-label-inline\" for=\"wpforms-1336-field_2_1\">Vakarien\u0117s stalai<\/label><\/li><li class=\"choice-2 depth-1 wpforms-selected\"><input type=\"radio\" id=\"wpforms-1336-field_2_2\" name=\"wpforms[fields][2]\" value=\"Desert\u0173 zona\"   checked='checked'><label class=\"wpforms-field-label-inline\" for=\"wpforms-1336-field_2_2\">Desert\u0173 zona<\/label><\/li><li class=\"choice-3 depth-1\"><input type=\"radio\" id=\"wpforms-1336-field_2_3\" name=\"wpforms[fields][2]\" value=\"Sveikinim\u0173\/foto zona\"  ><label class=\"wpforms-field-label-inline\" for=\"wpforms-1336-field_2_3\">Sveikinim\u0173\/foto zona<\/label><\/li><li class=\"choice-4 depth-1\"><input type=\"radio\" id=\"wpforms-1336-field_2_4\" name=\"wpforms[fields][2]\" value=\"Kita\"  ><label class=\"wpforms-field-label-inline\" for=\"wpforms-1336-field_2_4\">Kita<\/label><\/li><\/ul><\/div><div id=\"wpforms-1336-field_4-container\" class=\"wpforms-field wpforms-field-textarea\" data-field-id=\"4\"><label class=\"wpforms-field-label\" for=\"wpforms-1336-field_4\">Kita Jums \u017einoma informacija<\/label><textarea id=\"wpforms-1336-field_4\" class=\"wpforms-field-medium\" name=\"wpforms[fields][4]\" ><\/textarea><div class=\"wpforms-field-description\">pvz. bus reikalinga k\u0117d\u017ei\u0173 nuoma; bus reikalinga staltiesi\u0173 nuoma; bus apval\u016bs ar sta\u010diakampiai stalai; auk\u0161tos ar \u017eemos g\u0117li\u0173 kompozicijos patinka; ir pan.<\/div><\/div><\/div><!-- .wpforms-field-container --><div class=\"wpforms-submit-container\" ><input type=\"hidden\" name=\"wpforms[id]\" value=\"1336\"><input type=\"hidden\" name=\"wpforms[author]\" value=\"1\"><button type=\"submit\" name=\"wpforms[submit]\" id=\"wpforms-submit-1336\" class=\"wpforms-submit\" data-alt-text=\"Siun\u010diama...\" data-submit-text=\"Si\u0173sti u\u017eklaus\u0105\" aria-live=\"assertive\" value=\"wpforms-submit\">Si\u0173sti u\u017eklaus\u0105<\/button><img decoding=\"async\" loading=\"lazy\" src=\"https:\/\/doruti.lt\/wp-content\/plugins\/wpforms-lite\/assets\/images\/submit-spin.svg\" class=\"wpforms-submit-spinner\" style=\"display: none;\" width=\"26\" height=\"26\" alt=\"Loading\"><\/div><\/form><\/div>  <!-- .wpforms-container --><\/div>\n<\/div><\/div>\n\n\n\n<p><\/p>\n\n\n\n<div class=\"wp-block-uagb-container uagb-block-b92f049c alignfull uagb-is-root-container\"><div class=\"uagb-container-inner-blocks-wrap\">\n<h4 class=\"wp-block-heading\">Grei\u010diausiai atsakym\u0105 gausite paskambin\u0119 arba susisiek\u0119 el. pa\u0161tu: <\/h4>\n\n\n\n<h4 class=\"wp-block-heading\">+37062996338<br>dorutideco@gmail.com<\/h4>\n\n\n\n<h4 class=\"wp-block-heading\">Dovil\u0117 Rutkauskait\u0117<br>J\u016bs\u0173 <em>\u0161vent\u0117s dekorator\u0117 ir florist<\/em>\u0117<\/h4>\n<\/div><\/div>\n\n\n\n<p><\/p>\n","protected":false},"excerpt":{"rendered":"<p>Susisiekime! U\u017epildykite u\u017eklaus\u0105 ir artimiausiu metu susisieksiu su Jumis bei atsakysiu \u012f r\u016bpimus klausimus. Grei\u010diausiai atsakym\u0105 gausite paskambin\u0119 arba susisiek\u0119 el. pa\u0161tu: +37062996338dorutideco@gmail.com Dovil\u0117 Rutkauskait\u0117J\u016bs\u0173 \u0161vent\u0117s dekorator\u0117 ir florist\u0117<\/p>\n","protected":false},"author":1,"featured_media":0,"parent":0,"menu_order":0,"comment_status":"closed","ping_status":"closed","template":"","meta":{"_uag_custom_page_level_css":"","site-sidebar-layout":"no-sidebar","site-content-layout":"plain-container","ast-site-content-layout":"normal-width-container","site-content-style":"unboxed","site-sidebar-style":"unboxed","ast-global-header-display":"","ast-banner-title-visibility":"","ast-main-header-display":"","ast-hfb-above-header-display":"","ast-hfb-below-header-display":"","ast-hfb-mobile-header-display":"","site-post-title":"disabled","ast-breadcrumbs-content":"","ast-featured-img":"disabled","footer-sml-layout":"","theme-transparent-header-meta":"enabled","adv-header-id-meta":"","stick-header-meta":"","header-above-stick-meta":"","header-main-stick-meta":"","header-below-stick-meta":"","astra-migrate-meta-layouts":"set","footnotes":""},"uagb_featured_image_src":{"full":false,"thumbnail":false,"medium":false,"medium_large":false,"large":false,"1536x1536":false,"2048x2048":false},"uagb_author_info":{"display_name":"rutkauskaite.dovile@gmail.com","author_link":"https:\/\/doruti.lt\/?author=1"},"uagb_comment_info":0,"uagb_excerpt":"Susisiekime! U\u017epildykite u\u017eklaus\u0105 ir artimiausiu metu susisieksiu su Jumis bei atsakysiu \u012f r\u016bpimus klausimus. Grei\u010diausiai atsakym\u0105 gausite paskambin\u0119 arba susisiek\u0119 el. pa\u0161tu: +37062996338dorutideco@gmail.com Dovil\u0117 Rutkauskait\u0117J\u016bs\u0173 \u0161vent\u0117s dekorator\u0117 ir florist\u0117","_links":{"self":[{"href":"https:\/\/doruti.lt\/index.php?rest_route=\/wp\/v2\/pages\/520"}],"collection":[{"href":"https:\/\/doruti.lt\/index.php?rest_route=\/wp\/v2\/pages"}],"about":[{"href":"https:\/\/doruti.lt\/index.php?rest_route=\/wp\/v2\/types\/page"}],"author":[{"embeddable":true,"href":"https:\/\/doruti.lt\/index.php?rest_route=\/wp\/v2\/users\/1"}],"replies":[{"embeddable":true,"href":"https:\/\/doruti.lt\/index.php?rest_route=%2Fwp%2Fv2%2Fcomments&post=520"}],"version-history":[{"count":23,"href":"https:\/\/doruti.lt\/index.php?rest_route=\/wp\/v2\/pages\/520\/revisions"}],"predecessor-version":[{"id":2055,"href":"https:\/\/doruti.lt\/index.php?rest_route=\/wp\/v2\/pages\/520\/revisions\/2055"}],"wp:attachment":[{"href":"https:\/\/doruti.lt\/index.php?rest_route=%2Fwp%2Fv2%2Fmedia&parent=520"}],"curies":[{"name":"wp","href":"https:\/\/api.w.org\/{rel}","templated":true}]}}