{"id":514,"date":"2022-02-04T10:07:39","date_gmt":"2022-02-04T10:07:39","guid":{"rendered":"http:\/\/doruti.lt\/?page_id=514"},"modified":"2025-01-27T11:29:47","modified_gmt":"2025-01-27T11:29:47","slug":"home","status":"publish","type":"page","link":"https:\/\/doruti.lt\/","title":{"rendered":"Prad\u017eia"},"content":{"rendered":"\n<div class=\"wp-block-uagb-container uagb-block-10be319a alignfull uagb-is-root-container\"><div class=\"uagb-container-inner-blocks-wrap\">\n<div class=\"wp-block-uagb-info-box uagb-block-74251908 uagb-infobox__content-wrap  uagb-infobox-icon-above-title uagb-infobox-image-valign-top\"><div class=\"uagb-ifb-content\"><div class=\"uagb-ifb-title-wrap\"><h5 class=\"uagb-ifb-title\">Minimalism is great. Maximalism is too. What we avoid is<br>medium-ism. \u2013 David Hoey<\/h5><\/div><div class=\"uagb-ifb-button-wrapper wp-block-button\"><a href=\"https:\/\/doruti.lt\/?page_id=520\" class=\"uagb-infobox-cta-link wp-block-button__link\" target=\"_blank\" rel=\"noopener noreferrer\" onclick=\"return true;\" alt=\"\"><span class=\"uagb-inline-editing\">Susisiekime<\/span><\/a><\/div><\/div><\/div>\n<\/div><\/div>\n\n\n\n<div class=\"wp-block-columns is-layout-flex wp-container-2 wp-block-columns-is-layout-flex\">\n<div class=\"wp-block-column is-layout-flow wp-block-column-is-layout-flow\" style=\"flex-basis:100%\">\n<div class=\"wp-block-uagb-container uagb-block-532555a6 alignfull uagb-is-root-container\"><div class=\"uagb-container-inner-blocks-wrap\">\n<div class=\"wp-block-uagb-container uagb-block-67585351 alignfull uagb-is-root-container\"><div class=\"uagb-container-inner-blocks-wrap\">\n<div class=\"wp-block-uagb-info-box uagb-block-ecebafdb uagb-infobox__content-wrap  uagb-infobox-icon-above-title uagb-infobox-image-valign-top\"><div class=\"uagb-ifb-content\"><div class=\"uagb-ifb-title-wrap\"><span class=\"uagb-ifb-title-prefix\">Labas!<\/span><h3 class=\"uagb-ifb-title\"><em>Esu Dovil\u0117 &#8211; g\u0117li\u0173 ir estetikos myl\u0117toja<\/em>.<\/h3><\/div><p class=\"uagb-ifb-desc\">Dekoruoju \u0161ven\u010di\u0173 vietas bei renginius, konsultuoju dekoro klausimais, rengiu savaranki\u0161ko dekoro planus, kuriu g\u0117li\u0173 puok\u0161tes bei j\u0173 kompozicijas. B\u016btent tai yra mano pa\u0161aukimas <br>ir mylimiausia veikla!<\/p><div class=\"uagb-ifb-button-wrapper wp-block-button\"><a href=\"https:\/\/doruti.lt\/?page_id=516\" class=\"uagb-infobox-cta-link wp-block-button__link\" target=\"_self\" rel=\"noopener noreferrer\" onclick=\"return true;\" alt=\"\"><span class=\"uagb-inline-editing\">Susipa\u017einkime<\/span><\/a><\/div><\/div><\/div>\n<\/div><\/div>\n\n\n\n<div class=\"wp-block-uagb-container uagb-block-52fd7886 alignfull uagb-is-root-container\"><div class=\"uagb-container-inner-blocks-wrap\">\n<div class=\"wp-block-uagb-image alignleft uagb-block-64836838 wp-block-uagb-image--layout-default wp-block-uagb-image--effect-static wp-block-uagb-image--align-left\"><figure class=\"wp-block-uagb-image__figure\"><img decoding=\"async\" srcset=\"https:\/\/doruti.lt\/wp-content\/uploads\/2023\/01\/20220226-Dovile\u266525-683x1024.jpg ,https:\/\/doruti.lt\/wp-content\/uploads\/2023\/01\/20220226-Dovile\u266525-683x1024.jpg 780w\" sizes=\"(max-width: 480px) 150px\" src=\"https:\/\/doruti.lt\/wp-content\/uploads\/2023\/01\/20220226-Dovile\u266525-683x1024.jpg\" alt=\"\" class=\"uag-image-1878\" width=\"683\" height=\"1000\" title=\"\" loading=\"lazy\"\/><\/figure><\/div>\n<\/div><\/div>\n<\/div><\/div>\n<\/div>\n<\/div>\n\n\n\n<div class=\"wp-block-uagb-container uagb-block-25b48a37 default uagb-is-root-container\">\n<div class=\"wp-block-columns has-ffffff-background-color has-background is-layout-flex wp-container-6 wp-block-columns-is-layout-flex\">\n<div class=\"wp-block-column is-layout-flow wp-block-column-is-layout-flow\" style=\"flex-basis:33.34%\">\n<div class=\"wp-block-uagb-info-box uagb-block-4e2ec080 uagb-infobox__content-wrap  uagb-infobox-icon-above-title uagb-infobox-image-valign-top\"><div class=\"uagb-ifb-content\"><div class=\"uagb-ifb-title-wrap\"><h3 class=\"uagb-ifb-title\">\u0160ven\u010di\u0173 <br>dekoravimas<br><mark style=\"background-color:rgba(0, 0, 0, 0)\" class=\"has-inline-color has-ast-global-color-0-color\">Nuo 600 eur\u0173<\/mark>*<\/h3><\/div><p class=\"uagb-ifb-desc\">\u2981 Vestuv\u0117s, krik\u0161tynos, gimtadieniai, \u012fmoni\u0173 renginiai.<br>\u2981 Kliento l\u016bkes\u010di\u0173 i\u0161ai\u0161kinimas \u2013 konsultuoju ir patariu.<br>\u2981 Sukuriu vientis\u0105 \u0161vent\u0117s stili\u0173, tinkant\u012f \u0161vent\u0117s vietai bei klient\u0173 asmenyb\u0117ms.<br>\u2981 Pateikiu dekoro vizualin\u0119 konsepcij\u0105 (\u201cmoodboard\u201d).<br>\u2981 Ie\u0161kau inventoriaus, tinkamo dekoro vizijai i\u0161pildyti.<br>\u2981 Bendrauju su tekstil\u0117s, k\u0117d\u017ei\u0173 ir kit\u0173 dekoracij\u0173 nuomos tiek\u0117jais.<br>\u2981 Vientiso stiliaus \u0161ventin\u0117s spaudos maketavimas (sve\u010di\u0173 kortel\u0117s, sus\u0117dimo planas ir kt.) ir spaudos darb\u0173 derinimas su spaustuve.<br>\u2981 Pasir\u016bpinu g\u0117l\u0117mis ir kuriu floristines kompozicijas.<br>\u2981 Dekoruoju \u0161vent\u0117s viet\u0105: sve\u010di\u0173 stalus, desert\u0173 zon\u0105, palink\u0117jim\u0173 viet\u0105, ceremonijos ar sveikinim\u0173 zon\u0105 ir t.t.<br>\u2981 Po \u0161vent\u0117s surenku, sutvarkau ir gr\u0105\u017einu dekoracijas tiek\u0117jams.<br><br>* Pilno \u0161vent\u0117s dekoro kaina priklauso nuo sve\u010di\u0173  skai\u010diaus bei dekoro apimties. Papildomai kainuoja: g\u0117l\u0117s, \u017evak\u0117s, spauda, tekstil\u0117s ir kit\u0173 rekvizit\u0173 nuoma (jei yra reikalinga), transporto i\u0161laidos ir kt.<\/p><\/div><\/div>\n<\/div>\n\n\n\n<div class=\"wp-block-column is-layout-flow wp-block-column-is-layout-flow\" style=\"flex-basis:33.34%\">\n<div class=\"wp-block-uagb-info-box uagb-block-8dbb7a21 uagb-infobox__content-wrap  uagb-infobox-icon-above-title uagb-infobox-image-valign-top\"><div class=\"uagb-ifb-content\"><div class=\"uagb-ifb-title-wrap\"><h3 class=\"uagb-ifb-title\">Vestuvi\u0173 ceremonijos dekoravimas<br>Nuo <mark style=\"background-color:rgba(0, 0, 0, 0)\" class=\"has-inline-color has-ast-global-color-0-color\">300 eur<\/mark>\u0173*<\/h3><\/div><p class=\"uagb-ifb-desc\">\u2981 I\u0161siai\u0161kinu kliento l\u016bkes\u010dius \u2013 konsultuoju ir patariu.<br>\u2981 Sukuriu vientis\u0105 ceremonijos vietos stili\u0173.<br>\u2981 Pateikiu dekoro vizualin\u0119 konsepcij\u0105 (\u201cmoodboard\u201d).<br>\u2981 Ie\u0161kau inventoriaus, tinkamo dekoro vizijai i\u0161pildyti.<br>\u2981 Bendrauju su k\u0117d\u017ei\u0173 ir kit\u0173 dekoracij\u0173 nuomos tiek\u0117jais.<br>\u2981 Pasir\u016bpinu g\u0117l\u0117mis ir atlieku floristikos darbus.<br>\u2981 Dekoruoju ceremonijos viet\u0105 \u0161vent\u0117s dien\u0105.<br>\u2981 Po \u0161vent\u0117s surenku, sutvarkau ir gr\u0105\u017einu dekoracijas tiek\u0117jams.<br><br>* Dekoravimo paslaugos kaina priklauso nuo darbo apimties. \u012e kain\u0105 ne\u012fskai\u010diuotos dekorui reikalingos priemon\u0117s: g\u0117l\u0117s, inventoriaus nuoma, transporto i\u0161laidos.<\/p><\/div><\/div>\n<\/div>\n\n\n\n<div class=\"wp-block-column is-layout-flow wp-block-column-is-layout-flow\" style=\"flex-basis:33.33%\">\n<div class=\"wp-block-uagb-info-box uagb-block-4ec63975 uagb-infobox__content-wrap  uagb-infobox-icon-above-title uagb-infobox-image-valign-top\"><div class=\"uagb-ifb-content\"><div class=\"uagb-ifb-title-wrap\"><h3 class=\"uagb-ifb-title\">\u0160vent\u0117s dekoravimo id\u0117j\u0173 projektas<br><mark style=\"background-color:rgba(0, 0, 0, 0)\" class=\"has-inline-color has-ast-global-color-0-color\">100 eur<\/mark>\u0173<\/h3><\/div><p class=\"uagb-ifb-desc\">\u2981 Padedu i\u0161sigryninti vientiso \u0161vent\u0117s stiliaus id\u0117j\u0105.<br>\u2981 Sukuriu ir pateikiu \u0161vent\u0117s dekoravimo vizual\u0105 (&#8222;moodboard&#8221;).<br>\u2981 Pateikiu detal\u0173 dekoravui reikaling\u0173 daikt\u0173 s\u0105ra\u0161\u0105 ir kiek\u012f.<br>\u2981 Suteikiu informacij\u0105, kur \u012fsigyti ar i\u0161sinuomoti reikiam\u0105 dekoro inventori\u0173 bei g\u0117les.<br>\u2981 Pateikiu detal\u0173 \u0161vent\u0117s dekoravimo apra\u0161\u0105.<\/p><\/div><\/div>\n<\/div>\n<\/div>\n<\/div>\n\n\n\n<div class=\"wp-block-uagb-container uagb-block-6fe41ac1 alignfull uagb-is-root-container\"><div class=\"uagb-container-inner-blocks-wrap\">\n<div class=\"wp-block-uagb-container uagb-block-91a24ea0\">\n<div class=\"wp-block-uagb-advanced-heading uagb-block-b74009f0\"><h2 class=\"uagb-heading-text\">Klient\u0173 atsiliepimai<\/h2><\/div>\n\n\n\n<div class=\"wp-block-uagb-container uagb-block-ea3232f6\">\n<div class=\"wp-block-uagb-testimonial uagb-slick-carousel uagb-tm__arrow-outside uagb-block-784d3994 uagb-post__carousel_notset uagb-post__carousel_notset-tablet uagb-post__carousel_notset-mobile\"><div class=\"is-carousel uagb-tm__columns-1 uagb-tm__items\"><div class=\"uagb-testimonial__wrap  uagb-tm__imgicon-style-circle uagb-tm__image-position-bottom uagb-tm__bg-type-none \"><div class=\"uagb-tm__content\"><div class=\"uagb-tm__overlay\"><\/div><div class=\"uagb-tm__text-wrap\"><div class=\"uagb-tm__desc\">\u201cDovil\u0117 visas id\u0117jas ir svajones i\u0161pild\u0117 tobulai! <span style=\"color: var(--ast-global-color-6);\">Pranoko visus l\u016bkes\u010dius tiek maloniu bendravimu, tiek savo kruop\u0161tumu! <\/span><br><span style=\"color: var(--ast-global-color-6);\">Jei kas ie\u0161kote dekorator\u0117s &#8211; dr\u0105siai galime rekomenduoti!\u0160vent\u0117s atmosfera buvo magi\u0161ka, apgalvotos visos detal\u0117s! <\/span><br><span style=\"color: var(--ast-global-color-6);\">Taip pat nuostabi ir nuotakos puok\u0161t\u0117! A\u010di\u016b!\u201d<\/span><\/div><div class=\"uagb-tm__meta-inner\"><div class=\"uagb-tm__image-content\"><div class=\"uagb-tm__image\"><img decoding=\"async\" class=\"uagb-tm-img-src\" src=\"https:\/\/doruti.lt\/wp-content\/uploads\/2022\/10\/Egle-ir-Nerijus.jpg\" alt=\"\" width=\"60\" height=\"60\" loading=\"lazy\"\/><\/div><\/div><div class=\"uagb-testimonial-details\"><span class=\"uagb-tm__author-name\">Egl\u0117 ir Nerijus<\/span><span class=\"uagb-tm__company\"> <\/span><\/div><\/div><\/div><\/div><\/div><\/div><\/div>\n\n\n\n<div class=\"wp-block-uagb-testimonial uagb-slick-carousel uagb-tm__arrow-outside uagb-block-fef27b6c uagb-post__carousel_notset uagb-post__carousel_notset-tablet uagb-post__carousel_notset-mobile\"><div class=\"is-carousel uagb-tm__columns-1 uagb-tm__items\"><div class=\"uagb-testimonial__wrap  uagb-tm__imgicon-style-circle uagb-tm__image-position-bottom uagb-tm__bg-type-none \"><div class=\"uagb-tm__content\"><div class=\"uagb-tm__overlay\"><\/div><div class=\"uagb-tm__text-wrap\"><div class=\"uagb-tm__desc\">\u201cPasirinkti Doruti buvo geriausias m\u016bs\u0173 sprendimas besiruo\u0161iant vestuv\u0117ms! Dekorator\u0117 Dovil\u0117 labiau nei i\u0161pild\u0117 visus norus, nors, ties\u0105 sakant, tiesiog anks\u010diau mat\u0119 jos darbus, tiesiog pasak\u0117me, kad norime pamatyti ka\u017ek\u0105 k\u016brybingo ir \u012fdomaus. Gavusi toki\u0105 u\u017eduot\u012f ji ne tik nepabijojo dr\u0105si\u0173 sprendim\u0173, bet ir derino nesuderinam\u0105: ir pomidorus su g\u0117l\u0117mis, ir raudon\u0105 bei \u017eydr\u0105 spalvas! Sve\u010diai mielai fotografavosi tiek prie labai gra\u017eios \u012f\u017ead\u0173 sienel\u0117s, tiek ir prie stal\u0173 bei kit\u0173 dekoro element\u0173. Atskira pad\u0117ka ir u\u017e puok\u0161tes. Jei tik norite atsakingo, profesionalaus ir nuo\u0161ird\u017eiai viskuo besir\u016bpinan\u010dio \u017emogaus organizuojant savo ar artim\u0173j\u0173 \u0161vent\u0119 &#8211; ramiai galiu rekomenduoti b\u016btent Doruti!\u201d<\/div><div class=\"uagb-tm__meta-inner\"><div class=\"uagb-tm__image-content\"><div class=\"uagb-tm__image\"><img decoding=\"async\" class=\"uagb-tm-img-src\" src=\"https:\/\/doruti.lt\/wp-content\/uploads\/2022\/10\/Karolina-ir-mangirdas.png\" alt=\"\" width=\"60\" height=\"60\" loading=\"lazy\"\/><\/div><\/div><div class=\"uagb-testimonial-details\"><span class=\"uagb-tm__author-name\">Karolina ir Mangirdas<\/span><span class=\"uagb-tm__company\"> <\/span><\/div><\/div><\/div><\/div><\/div><\/div><\/div>\n\n\n\n<div class=\"wp-block-uagb-testimonial uagb-slick-carousel uagb-tm__arrow-outside uagb-block-164f7cec uagb-post__carousel_notset uagb-post__carousel_notset-tablet uagb-post__carousel_notset-mobile\"><div class=\"is-carousel uagb-tm__columns-1 uagb-tm__items\"><div class=\"uagb-testimonial__wrap  uagb-tm__imgicon-style-circle uagb-tm__image-position-bottom uagb-tm__bg-type-none \"><div class=\"uagb-tm__content\"><div class=\"uagb-tm__overlay\"><\/div><div class=\"uagb-tm__text-wrap\"><div class=\"uagb-tm__desc\">\u201cA\u010di\u016b Dovilei u\u017e darb\u0105 ir gro\u017e\u012f, kur\u012f suk\u016br\u0117 m\u016bs\u0173 vestuv\u0117se. Papuo\u0161imai, puok\u0161t\u0117s, dekoracijos buvo labai gra\u017eios, meni\u0161kos, \u0161iuolaiki\u0161kos. Pilnai pasitik\u0117jome Dovil\u0117s id\u0117jomis ir darbu, nes geriausi rezultatai pasiekiami, kai netrukdai menininkui kurti!\u201d<\/div><div class=\"uagb-tm__meta-inner\"><div class=\"uagb-tm__image-content\"><div class=\"uagb-tm__image\"><img decoding=\"async\" class=\"uagb-tm-img-src\" src=\"https:\/\/doruti.lt\/wp-content\/uploads\/2022\/10\/Laura-ir-Olegas.png\" alt=\"\" width=\"60\" height=\"60\" loading=\"lazy\"\/><\/div><\/div><div class=\"uagb-testimonial-details\"><span class=\"uagb-tm__author-name\">Laura ir Olegas<\/span><span class=\"uagb-tm__company\"> <\/span><\/div><\/div><\/div><\/div><\/div><\/div><\/div>\n<\/div>\n\n\n\n<div class=\"wp-block-uagb-info-box uagb-block-8f90a5c3 uagb-infobox__content-wrap  uagb-infobox-icon-above-title uagb-infobox-image-valign-top\"><div class=\"uagb-ifb-content\"><div class=\"uagb-ifb-title-wrap\"><\/div><div class=\"uagb-ifb-button-wrapper wp-block-button\"><a href=\"https:\/\/doruti.lt\/?page_id=516\" class=\"uagb-infobox-cta-link wp-block-button__link\" target=\"_self\" rel=\"noopener noreferrer\" onclick=\"return true;\" alt=\"\"><span class=\"uagb-inline-editing\">daugiau<\/span><\/a><\/div><\/div><\/div>\n<\/div>\n<\/div><\/div>\n","protected":false},"excerpt":{"rendered":"<p>Klient\u0173 atsiliepimai<\/p>\n","protected":false},"author":1,"featured_media":0,"parent":0,"menu_order":0,"comment_status":"closed","ping_status":"closed","template":"","meta":{"_uag_custom_page_level_css":"","site-sidebar-layout":"no-sidebar","site-content-layout":"plain-container","ast-site-content-layout":"normal-width-container","site-content-style":"unboxed","site-sidebar-style":"unboxed","ast-global-header-display":"","ast-banner-title-visibility":"","ast-main-header-display":"","ast-hfb-above-header-display":"","ast-hfb-below-header-display":"","ast-hfb-mobile-header-display":"","site-post-title":"disabled","ast-breadcrumbs-content":"","ast-featured-img":"disabled","footer-sml-layout":"","theme-transparent-header-meta":"enabled","adv-header-id-meta":"","stick-header-meta":"","header-above-stick-meta":"","header-main-stick-meta":"","header-below-stick-meta":"","astra-migrate-meta-layouts":"set","footnotes":""},"uagb_featured_image_src":{"full":false,"thumbnail":false,"medium":false,"medium_large":false,"large":false,"1536x1536":false,"2048x2048":false},"uagb_author_info":{"display_name":"rutkauskaite.dovile@gmail.com","author_link":"https:\/\/doruti.lt\/?author=1"},"uagb_comment_info":0,"uagb_excerpt":"Klient\u0173 atsiliepimai","_links":{"self":[{"href":"https:\/\/doruti.lt\/index.php?rest_route=\/wp\/v2\/pages\/514"}],"collection":[{"href":"https:\/\/doruti.lt\/index.php?rest_route=\/wp\/v2\/pages"}],"about":[{"href":"https:\/\/doruti.lt\/index.php?rest_route=\/wp\/v2\/types\/page"}],"author":[{"embeddable":true,"href":"https:\/\/doruti.lt\/index.php?rest_route=\/wp\/v2\/users\/1"}],"replies":[{"embeddable":true,"href":"https:\/\/doruti.lt\/index.php?rest_route=%2Fwp%2Fv2%2Fcomments&post=514"}],"version-history":[{"count":110,"href":"https:\/\/doruti.lt\/index.php?rest_route=\/wp\/v2\/pages\/514\/revisions"}],"predecessor-version":[{"id":2035,"href":"https:\/\/doruti.lt\/index.php?rest_route=\/wp\/v2\/pages\/514\/revisions\/2035"}],"wp:attachment":[{"href":"https:\/\/doruti.lt\/index.php?rest_route=%2Fwp%2Fv2%2Fmedia&parent=514"}],"curies":[{"name":"wp","href":"https:\/\/api.w.org\/{rel}","templated":true}]}}